{"id":9,"date":"2015-02-22T11:54:33","date_gmt":"2015-02-22T16:54:33","guid":{"rendered":"http:\/\/www.steffiebelanger.com\/?page_id=9"},"modified":"2021-12-02T07:52:59","modified_gmt":"2021-12-02T12:52:59","slug":"demarche","status":"publish","type":"page","link":"https:\/\/www.steffiebelanger.com\/?page_id=9","title":{"rendered":"D\u00e9marche"},"content":{"rendered":"<p>Ma d\u00e9marche d\u00e9bute avec une phrase lue, entendue ou invent\u00e9e. Ces mots seront le point de d\u00e9part \u00e0 l\u2019\u0153uvre et octroieront une certaine personnalit\u00e9 \u00e0 l\u2019objet d\u00e8s le tout d\u00e9but. J\u2019\u00e9chafaude des sculptures avec des titres tels que :\u00a0 <em>Toi et moi, \u00e7a va nulle part<\/em>, <em>J\u2019ai fait semblant d\u2019aimer \u00e7a<\/em> ou bien \u00ab\u2009<em>My ovaries told me that I<\/em><em>\u2019<\/em><em>m ugly<\/em>\u2009\u00bb, en utilisant principalement le bois, mais aussi la fibre et le m\u00e9tal.<\/p>\n<p>L\u2019apparence formelle de mes sculptures sugg\u00e8re une ambigu\u00eft\u00e9 esth\u00e9tique entre la proth\u00e8se, le mobilier et le jouet. En employant des m\u00e9canismes simples et reconnaissables, la projection mentale d\u2019un mouvement est cr\u00e9\u00e9e, produisant un \u00e9v\u00e8nement en suspens. Le corps se doit d\u2019entrer en contact avec la sculpture pour mettre en branle ce mouvement. Au moyen d\u2019interventions performatives, mon objectif est de faire la d\u00e9monstration du fonctionnement de l\u2019objet, ou plut\u00f4t de sa non-fonction. J\u2019entrevois la performance comme un accompagnement, \u00e0 l\u2019image de f\u00e8ves vertes, mais celles cuites \u00e0 point et roul\u00e9es dans le beurre (pour ne pas les d\u00e9nigrer \u00e0 titre de garniture ennuyeuse). Il m\u2019est essentiel que la sculpture pr\u00e9domine dans l\u2019espace par rapport \u00e0 l\u2019action et qu\u2019elle demeure autonome. Mon rapport au bois est aussi tr\u00e8s distinctif, puisque j\u2019explore les techniques de l\u2019\u00e9b\u00e9nisterie en les appliquant \u00e0 des formes sculpturales.<\/p>\n<p>Dans mes recherches, j\u2019embrasse le concept d\u2019inutile qui partage mon quotidien d\u2019artiste. L\u2019id\u00e9e est d\u2019\u00e9pouser le fait que l\u2019art est fondamentalement anti-productif et qu\u2019il est primordial qu\u2019il le reste. Mes sculptures servent davantage \u00e0 raviver l\u2019inutilit\u00e9 comme valeur essentielle.<\/p>\n","protected":false},"excerpt":{"rendered":"<p>Ma d\u00e9marche d\u00e9bute avec une phrase lue, entendue ou invent\u00e9e. Ces mots seront le point de d\u00e9part \u00e0 l\u2019\u0153uvre et octroieront une certaine personnalit\u00e9 \u00e0 l\u2019objet d\u00e8s le tout d\u00e9but. J\u2019\u00e9chafaude des sculptures avec des titres tels que :\u00a0 Toi et moi, \u00e7a va nulle part, J\u2019ai fait semblant d\u2019aimer \u00e7a ou bien \u00ab\u2009My ovaries &hellip; <a href=\"https:\/\/www.steffiebelanger.com\/?page_id=9\" class=\"more-link\">Lire la suite <span class=\"screen-reader-text\">D\u00e9marche<\/span><\/a><\/p>\n","protected":false},"author":1,"featured_media":0,"parent":0,"menu_order":3,"comment_status":"closed","ping_status":"closed","template":"page-templates\/full-width-page.php","meta":{"footnotes":""},"class_list":["post-9","page","type-page","status-publish","hentry","without-featured-image"],"_links":{"self":[{"href":"https:\/\/www.steffiebelanger.com\/index.php?rest_route=\/wp\/v2\/pages\/9","targetHints":{"allow":["GET"]}}],"collection":[{"href":"https:\/\/www.steffiebelanger.com\/index.php?rest_route=\/wp\/v2\/pages"}],"about":[{"href":"https:\/\/www.steffiebelanger.com\/index.php?rest_route=\/wp\/v2\/types\/page"}],"author":[{"embeddable":true,"href":"https:\/\/www.steffiebelanger.com\/index.php?rest_route=\/wp\/v2\/users\/1"}],"replies":[{"embeddable":true,"href":"https:\/\/www.steffiebelanger.com\/index.php?rest_route=%2Fwp%2Fv2%2Fcomments&post=9"}],"version-history":[{"count":7,"href":"https:\/\/www.steffiebelanger.com\/index.php?rest_route=\/wp\/v2\/pages\/9\/revisions"}],"predecessor-version":[{"id":215,"href":"https:\/\/www.steffiebelanger.com\/index.php?rest_route=\/wp\/v2\/pages\/9\/revisions\/215"}],"wp:attachment":[{"href":"https:\/\/www.steffiebelanger.com\/index.php?rest_route=%2Fwp%2Fv2%2Fmedia&parent=9"}],"curies":[{"name":"wp","href":"https:\/\/api.w.org\/{rel}","templated":true}]}}