{"id":21,"date":"2015-02-22T12:27:06","date_gmt":"2015-02-22T17:27:06","guid":{"rendered":"http:\/\/www.steffiebelanger.com\/?page_id=21"},"modified":"2021-12-02T07:51:46","modified_gmt":"2021-12-02T12:51:46","slug":"biographie","status":"publish","type":"page","link":"https:\/\/www.steffiebelanger.com\/?page_id=21","title":{"rendered":"Biographie"},"content":{"rendered":"<p class=\"p1\" style=\"margin-bottom: 18.0pt;\"><span class=\"s1\"><span style=\"font-family: 'Source Sans Pro',sans-serif; color: #404040;\">Steffie B\u00e9langer vit \u00e0 Montr\u00e9al et travaille \u00e0 Ste-Anne-des-Plaines. Bacheli\u00e8re de l\u2019Universit\u00e9 Concordia, elle termine sa ma\u00eetrise en arts visuels et m\u00e9diatiques \u00e0 l\u2019UQ\u00c0M en 2018.<\/span><\/span><\/p>\n<p class=\"p1\" style=\"margin-bottom: 18.0pt; font-variant-ligatures: normal; font-variant-caps: normal; orphans: 2; text-align: start; widows: 2; -webkit-text-stroke-width: 0px; text-decoration-thickness: initial; text-decoration-style: initial; text-decoration-color: initial; word-spacing: 0px;\"><span class=\"s1\"><span style=\"font-family: 'Source Sans Pro',sans-serif; color: #404040;\">Sa premi\u00e8re exposition solo d\u2019envergure,\u00a0<i>L\u2019utilit\u00e9 de l\u2019inutilit\u00e9<\/i>, a \u00e9t\u00e9 pr\u00e9sent\u00e9e \u00e0 la salle Alfred Pellan \u00e0 Laval en 2016. En 2020, elle pr\u00e9senta son travail au Quai\u00a05160 \u00e0 Verdun et lors d\u2019une exposition de groupe au Centre d\u2019art Lethbridge \u00e0 Ville-Saint-Laurent. <\/span><\/span><em><span style=\"font-family: 'Source Sans Pro',sans-serif; color: #404040;\">Servez \u00e0 ce monsieur une bi\u00e8re et des kiwis<\/span><\/em><span class=\"s1\"><span style=\"font-family: 'Source Sans Pro',sans-serif; color: #404040;\">, titre de sa derni\u00e8re exposition solo \u00e0 la galerie\u00a0B-312, porte le th\u00e8me d\u2019une soir\u00e9e mondaine, o\u00f9 des sculptures de bois sont mises de l\u2019avant.\u00a0<\/span><\/span><\/p>\n<p class=\"p1\" style=\"margin-bottom: 18.0pt; font-variant-ligatures: normal; font-variant-caps: normal; orphans: 2; text-align: start; widows: 2; -webkit-text-stroke-width: 0px; text-decoration-thickness: initial; text-decoration-style: initial; text-decoration-color: initial; word-spacing: 0px;\"><span class=\"s1\"><span style=\"font-family: 'Source Sans Pro',sans-serif; color: #404040;\">Elle prit part \u00e0 la r\u00e9sidence\u00a0<i>Artist at Work<\/i>\u00a0\u00e0 la galerie FOFA en 2016 et \u00e0 la r\u00e9sidence d\u2019Est-Nord-Est en 2015. Durant l\u2019\u00e9t\u00e9\u00a02017, elle participa \u00e0\u00a0<i>Espace en Pratiques\u00a0<\/i>avec sept autres artistes et une \u00e9crivaine, \u00e9v\u00e8nement qui visait \u00e0 occuper, sous la forme de laboratoire de cherches ouvert aux publiques, les galeries du\u00a0<i>Centre VU<\/i>\u00a0et de l\u2019<i>\u0152il de Poisson\u00a0<\/i>\u00e0 Qu\u00e9bec durant tout l\u2019\u00e9t\u00e9. Emmanuel Gallant, commissaire de\u00a0<i>STATUER. Les figures du socle<\/i>, introduit le travail de B\u00e9langer dans la phase trois de sa s\u00e9rie \u00e0 l\u2019\u00e9t\u00e9 dernier. Laur\u00e9ate d\u2019une bourse du CRSH, ses recherches posent l\u2019hypoth\u00e8se que l\u2019objet d\u2019art est fondamentalement et heureusement inutile.<\/span><\/span><\/p>\n<p class=\"p1\" style=\"margin-bottom: 18.0pt; font-variant-ligatures: normal; font-variant-caps: normal; orphans: 2; text-align: start; widows: 2; -webkit-text-stroke-width: 0px; text-decoration-thickness: initial; text-decoration-style: initial; text-decoration-color: initial; word-spacing: 0px;\"><span class=\"s1\"><span style=\"font-family: 'Source Sans Pro',sans-serif; color: #404040;\">On \u00e9crivit sur son travail dans<i>\u00a0Le Devoir\u00a0<\/i>(<i>\u00c0 hauts risques\u00a0: De l\u2019art extr\u00eame, comme il existe du sport extr\u00eame<\/i>\u00a0de J\u00e9rome Delgado, 2017), dans la revue\u00a0<i>Espace Art Actuel<\/i>\u00a0(<i>Steffie B<\/i><\/span><\/span><span class=\"s2\"><span style=\"font-family: 'Source Sans Pro',sans-serif; color: #404040;\">\u00e9<\/span><\/span><span class=\"s1\"><i><span style=\"font-family: 'Source Sans Pro',sans-serif; color: #404040;\">langer et l\u2019inutilit<\/span><\/i><\/span><span class=\"s2\"><span style=\"font-family: 'Source Sans Pro',sans-serif; color: #404040;\">\u00e9<\/span><\/span><span class=\"s1\"><i><span style=\"font-family: 'Source Sans Pro',sans-serif; color: #404040;\">\u00a0utile\u00a0<\/span><\/i><\/span><span class=\"s1\"><span style=\"font-family: 'Source Sans Pro',sans-serif; color: #404040;\">de Genevi\u00e8ve Gendron, 2017), dans la revue\u00a0<i>Spirale\u00a0<\/i>(<i>D<\/i><\/span><\/span><span class=\"s2\"><span style=\"font-family: 'Source Sans Pro',sans-serif; color: #404040;\">\u00e9<\/span><\/span><span class=\"s1\"><i><span style=\"font-family: 'Source Sans Pro',sans-serif; color: #404040;\">boulonnage, outrage et autres<\/span><\/i><\/span><span class=\"s1\"><span style=\"font-family: 'Source Sans Pro',sans-serif; color: #404040;\">\u00a0renversements<\/span><\/span><b><span style=\"font-family: 'Source Sans Pro',sans-serif; color: #404040;\">\u00a0<\/span><\/b><span class=\"s1\"><span style=\"font-family: 'Source Sans Pro',sans-serif; color: #404040;\">de Julia<\/span><\/span><span class=\"s4\"><span style=\"font-family: 'Source Sans Pro',sans-serif; color: #404040;\">\u00a0Roberge Van Der Donckt, 20<\/span><\/span><span class=\"s1\"><span style=\"font-family: 'Source Sans Pro',sans-serif; color: #404040;\">18), etc.<\/span><\/span><\/p>\n<p class=\"p1\" style=\"margin-bottom: 0cm; font-variant-ligatures: normal; font-variant-caps: normal; orphans: 2; text-align: start; widows: 2; -webkit-text-stroke-width: 0px; text-decoration-thickness: initial; text-decoration-style: initial; text-decoration-color: initial; word-spacing: 0px;\"><span class=\"s1\"><span style=\"font-family: 'Source Sans Pro',sans-serif; color: #404040;\">\u00c0 l\u2019aide de sculptures manipulables et de performances, l\u2019artiste nous propose une lecture d\u00e9sopilante et romantique de l\u2019objet fonctionnel.<\/span><\/span><\/p>\n","protected":false},"excerpt":{"rendered":"<p>Steffie B\u00e9langer vit \u00e0 Montr\u00e9al et travaille \u00e0 Ste-Anne-des-Plaines. Bacheli\u00e8re de l\u2019Universit\u00e9 Concordia, elle termine sa ma\u00eetrise en arts visuels et m\u00e9diatiques \u00e0 l\u2019UQ\u00c0M en 2018. Sa premi\u00e8re exposition solo d\u2019envergure,\u00a0L\u2019utilit\u00e9 de l\u2019inutilit\u00e9, a \u00e9t\u00e9 pr\u00e9sent\u00e9e \u00e0 la salle Alfred Pellan \u00e0 Laval en 2016. En 2020, elle pr\u00e9senta son travail au Quai\u00a05160 \u00e0 Verdun &hellip; <a href=\"https:\/\/www.steffiebelanger.com\/?page_id=21\" class=\"more-link\">Lire la suite <span class=\"screen-reader-text\">Biographie<\/span><\/a><\/p>\n","protected":false},"author":1,"featured_media":0,"parent":0,"menu_order":2,"comment_status":"closed","ping_status":"closed","template":"page-templates\/front-page.php","meta":{"footnotes":""},"class_list":["post-21","page","type-page","status-publish","hentry","without-featured-image"],"_links":{"self":[{"href":"https:\/\/www.steffiebelanger.com\/index.php?rest_route=\/wp\/v2\/pages\/21","targetHints":{"allow":["GET"]}}],"collection":[{"href":"https:\/\/www.steffiebelanger.com\/index.php?rest_route=\/wp\/v2\/pages"}],"about":[{"href":"https:\/\/www.steffiebelanger.com\/index.php?rest_route=\/wp\/v2\/types\/page"}],"author":[{"embeddable":true,"href":"https:\/\/www.steffiebelanger.com\/index.php?rest_route=\/wp\/v2\/users\/1"}],"replies":[{"embeddable":true,"href":"https:\/\/www.steffiebelanger.com\/index.php?rest_route=%2Fwp%2Fv2%2Fcomments&post=21"}],"version-history":[{"count":6,"href":"https:\/\/www.steffiebelanger.com\/index.php?rest_route=\/wp\/v2\/pages\/21\/revisions"}],"predecessor-version":[{"id":214,"href":"https:\/\/www.steffiebelanger.com\/index.php?rest_route=\/wp\/v2\/pages\/21\/revisions\/214"}],"wp:attachment":[{"href":"https:\/\/www.steffiebelanger.com\/index.php?rest_route=%2Fwp%2Fv2%2Fmedia&parent=21"}],"curies":[{"name":"wp","href":"https:\/\/api.w.org\/{rel}","templated":true}]}}